{"id":50,"date":"2023-10-31T03:58:47","date_gmt":"2019-09-18T14:18:54","guid":{"rendered":"http:\/\/localhost\/xaydungnhadat\/?page_id=50"},"modified":"2023-01-05T02:23:08","modified_gmt":"2023-01-05T02:23:08","slug":"lien-he","status":"publish","type":"page","link":"https:\/\/xaydungnhandat.com.vn\/?page_id=50","title":{"rendered":"LI\u00caN H\u1ec6"},"content":{"rendered":"<div role=\"form\" class=\"wpcf7\" id=\"wpcf7-f2440-o1\" lang=\"vi\" dir=\"ltr\">\n<div class=\"screen-reader-response\"><\/div>\n<form action=\"\/index.php?rest_route=%2Fwp%2Fv2%2Fpages%2F50#wpcf7-f2440-o1\" method=\"post\" class=\"wpcf7-form\" novalidate=\"novalidate\">\n<div style=\"display: none;\">\n<input type=\"hidden\" name=\"_wpcf7\" value=\"2440\" \/>\n<input type=\"hidden\" name=\"_wpcf7_version\" value=\"5.1.7\" \/>\n<input type=\"hidden\" name=\"_wpcf7_locale\" value=\"vi\" \/>\n<input type=\"hidden\" name=\"_wpcf7_unit_tag\" value=\"wpcf7-f2440-o1\" \/>\n<input type=\"hidden\" name=\"_wpcf7_container_post\" value=\"0\" \/>\n<\/div>\n<div class=\"item\">\n<div class=\"in_lb\">T\u00ean c\u1ee7a b\u1ea1n<\/div>\n<div class=\"in_text\"><span class=\"wpcf7-form-control-wrap your-name\"><input type=\"text\" name=\"your-name\" value=\"\" size=\"40\" class=\"wpcf7-form-control wpcf7-text wpcf7-validates-as-required\" aria-required=\"true\" aria-invalid=\"false\" \/><\/span><\/div>\n<\/div>\n<div class=\"item\">\n<div class=\"in_lb\">\u0110\u1ecba ch\u1ec9 Email<\/div>\n<div class=\"in_text\"><span class=\"wpcf7-form-control-wrap your-email\"><input type=\"email\" name=\"your-email\" value=\"\" size=\"40\" class=\"wpcf7-form-control wpcf7-text wpcf7-email wpcf7-validates-as-required wpcf7-validates-as-email\" aria-required=\"true\" aria-invalid=\"false\" \/><\/span><\/div>\n<\/div>\n<div class=\"item\">\n<div class=\"in_lb\">N\u1ed9i dung c\u1ea7n t\u01b0 v\u1ea5n<\/div>\n<div class=\"in_text\"><span class=\"wpcf7-form-control-wrap your-message\"><textarea name=\"your-message\" cols=\"40\" rows=\"10\" class=\"wpcf7-form-control wpcf7-textarea\" aria-invalid=\"false\"><\/textarea><\/span><\/div>\n<\/div>\n<p><input type=\"submit\" value=\"G\u1eedi \u0111i\" class=\"wpcf7-form-control wpcf7-submit\" \/><\/p>\n<div class=\"wpcf7-response-output wpcf7-display-none\"><\/div><\/form><\/div>\r\n\r\n<p class=\"has-text-align-center\" style=\"font-size: 23px;\">C\u00f4ng Ty x\u00e2y d\u1ef1ng <strong>NH\u00c2N \u0110\u1ea0T<\/strong> &#8211; x\u00e2y d\u1ef1ng nh\u00e0 ph\u1ed1<\/p>\r\n\r\n\r\n\r\n<h2 class=\"has-vivid-cyan-blue-color has-text-color has-text-align-left wp-block-heading\"><strong>1: TH\u00d4NG TIN C\u00d4NG TY X\u00c2Y D\u1ef0NG NH\u00c2N \u0110\u1ea0T<\/strong><\/h2>\r\n\r\n\r\n\r\n<p>&nbsp;<\/p>\r\n\r\n\r\n\r\n<p><strong>T\u00ean c\u00f4ng ty\u00a0 : C\u00d4NG TY TNHH T\u01af V\u1ea4N \u0110\u1ea6U T\u01af X\u00c2Y D\u1ef0NGNH\u00c2N \u0110\u1ea0T<\/strong><\/p>\r\n\r\n\r\n\r\n<p><strong>T\u00ean ti\u1ebfng Anh\u00a0\u00a0 : NHAN DAT Construction Investment Consultancy CO., LTD<\/strong><\/p>\r\n\r\n\r\n\r\n<p><strong>V\u0103n ph\u00f2ng\u00a0\u00a0 : 57 Y\u00ean \u0110\u1ed7, P. T\u00e2n Th\u00e0nh, Q. T\u00e2n Ph\u00fa, TP.HCM, Vi\u1ec7t Nam <\/strong><\/p>\r\n\r\n\r\n\r\n<p><strong>\u0110i\u1ec7n tho\u1ea1i\u00a0\u00a0: 096 731 6869<\/strong><\/p>\r\n\r\n\r\n\r\n<p><strong>Email\u00a0\u00a0\u00a0\u00a0\u00a0\u00a0\u00a0\u00a0 : <\/strong>xaydungnhandat@gmail.com<\/p>\r\n\r\n\r\n\r\n<p><strong>Website\u00a0\u00a0\u00a0 : <\/strong><a href=\"https:\/\/xaydungnhandat.com.vn\/\">https:\/\/xaydungnhandat.com.vn\/<\/a><\/p>\r\n\r\n\r\n\r\n<p><strong>N\u0103m th\u00e0nh l\u1eadp\u00a0 : 02\/12\/2003<\/strong><\/p>\r\n\r\n\r\n\r\n<p><strong>V\u1ed1n \u0111i\u1ec1u l\u1ec7\u00a0 : 35.000.000.000 VN\u0110<\/strong><\/p>\r\n\r\n\r\n\r\n<p><strong>M\u00e3 s\u1ed1 thu\u1ebf\u00a0\u00a0\u00a0: 0303143053<\/strong><\/p>\r\n\r\n\r\n\r\n<div class=\"wp-block-image\">\r\n<figure class=\"aligncenter size-large\"><img loading=\"lazy\" decoding=\"async\" width=\"729\" height=\"1024\" class=\"wp-image-2058\" src=\"https:\/\/xaydungnhandat.com.vn\/wp-content\/uploads\/2020\/02\/xay-dung-nha-uy-tin-1-1-729x1024.jpg\" alt=\"\" srcset=\"https:\/\/xaydungnhandat.com.vn\/wp-content\/uploads\/2020\/02\/xay-dung-nha-uy-tin-1-1-729x1024.jpg 729w, https:\/\/xaydungnhandat.com.vn\/wp-content\/uploads\/2020\/02\/xay-dung-nha-uy-tin-1-1-214x300.jpg 214w, https:\/\/xaydungnhandat.com.vn\/wp-content\/uploads\/2020\/02\/xay-dung-nha-uy-tin-1-1.jpg 1731w\" sizes=\"(max-width: 729px) 100vw, 729px\" \/><\/figure>\r\n<\/div>\r\n\r\n\r\n\r\n<div class=\"wp-block-image\">\r\n<figure class=\"aligncenter size-large\"><img loading=\"lazy\" decoding=\"async\" width=\"694\" height=\"1024\" class=\"wp-image-2059\" src=\"https:\/\/xaydungnhandat.com.vn\/wp-content\/uploads\/2020\/02\/xay-dung-nha-uy-tin-2-1-694x1024.jpg\" alt=\"\" srcset=\"https:\/\/xaydungnhandat.com.vn\/wp-content\/uploads\/2020\/02\/xay-dung-nha-uy-tin-2-1-694x1024.jpg 694w, https:\/\/xaydungnhandat.com.vn\/wp-content\/uploads\/2020\/02\/xay-dung-nha-uy-tin-2-1-203x300.jpg 203w, https:\/\/xaydungnhandat.com.vn\/wp-content\/uploads\/2020\/02\/xay-dung-nha-uy-tin-2-1.jpg 1683w\" sizes=\"(max-width: 694px) 100vw, 694px\" \/><\/figure>\r\n<\/div>\r\n\r\n\r\n\r\n<h2 class=\"has-vivid-cyan-blue-color has-text-color wp-block-heading\">2:<strong>Ng\u00e0nh ngh\u1ec1 kinh doanh: <\/strong>(X\u00e2y d\u1ef1ng nh\u00e0 ph\u1ed1 )<\/h2>\r\n\r\n\r\n\r\n<div class=\"wp-block-image\">\r\n<figure class=\"aligncenter size-large\"><img loading=\"lazy\" decoding=\"async\" width=\"744\" height=\"1024\" class=\"wp-image-2067\" src=\"https:\/\/xaydungnhandat.com.vn\/wp-content\/uploads\/2020\/02\/xay-dung-nha-uy-tin-quan-tan-phu-2-744x1024.jpg\" alt=\"\" srcset=\"https:\/\/xaydungnhandat.com.vn\/wp-content\/uploads\/2020\/02\/xay-dung-nha-uy-tin-quan-tan-phu-2-744x1024.jpg 744w, https:\/\/xaydungnhandat.com.vn\/wp-content\/uploads\/2020\/02\/xay-dung-nha-uy-tin-quan-tan-phu-2-218x300.jpg 218w, https:\/\/xaydungnhandat.com.vn\/wp-content\/uploads\/2020\/02\/xay-dung-nha-uy-tin-quan-tan-phu-2.jpg 1563w\" sizes=\"(max-width: 744px) 100vw, 744px\" \/><\/figure>\r\n<\/div>\r\n\r\n\r\n\r\n<figure class=\"wp-block-image size-large\"><img loading=\"lazy\" decoding=\"async\" width=\"784\" height=\"393\" class=\"wp-image-2064\" src=\"https:\/\/xaydungnhandat.com.vn\/wp-content\/uploads\/2020\/02\/Untitled-2.png\" alt=\"\" srcset=\"https:\/\/xaydungnhandat.com.vn\/wp-content\/uploads\/2020\/02\/Untitled-2.png 784w, https:\/\/xaydungnhandat.com.vn\/wp-content\/uploads\/2020\/02\/Untitled-2-300x150.png 300w\" sizes=\"(max-width: 784px) 100vw, 784px\" \/><\/figure>\r\n\r\n\r\n\r\n<h2 class=\"has-vivid-cyan-blue-color has-text-color wp-block-heading\"><strong>3:D\u1ecaCH V\u1ee4 CUNG C\u1ea4P<\/strong>:<\/h2>\r\n\r\n\r\n\r\n<p><strong>C\u00d4NG TY TNHH TV-\u0110T-XD NH\u00c2N \u0110\u1ea0T <\/strong>l\u00e0 nh\u00e0 th\u1ea7u x\u00e2y d\u1ef1ng chuy\u00ean cung c\u1ea5p m\u1ed9t s\u1ea3n ph\u1ea9m k\u1ef9 thu\u1eadt ho\u00e0n ch\u1ec9nh t\u1eeb kh\u00e2u thi\u1ebft k\u1ebf \u0111\u1ebfn thi c\u00f4ng x\u00e2y d\u1ef1ng v\u1edbi n\u0103ng l\u1ef1c h\u1ed7 tr\u1ee3 to\u00e0n b\u1ed9 v\u00f2ng \u0111\u1eddi c\u1ee7a d\u1ef1 \u00e1n t\u1eeb giai \u0111o\u1ea1n chu\u1ea9n b\u1ecb cho \u0111\u1ebfn khi ho\u00e0n th\u00e0nh.<\/p>\r\n\r\n\r\n\r\n<p>D\u1ecbch v\u1ee5 c\u1ee7a ch\u00fang t\u00f4i bao g\u1ed3m:<\/p>\r\n\r\n\r\n\r\n<ul>\r\n<li>L\u1eadp k\u1ebf ho\u1ea1ch cho d\u1ef1 \u00e1n<\/li>\r\n<li>Thi\u1ebft k\u1ebf<\/li>\r\n<li>T\u1ed5ng th\u1ea7u thi\u1ebft k\u1ebf &#8211; thi c\u00f4ng x\u00e2y d\u1ef1ng<\/li>\r\n<li>Qu\u1ea3n l\u00fd d\u1ef1 \u00e1n<\/li>\r\n<li>Qu\u1ea3n l\u00fd x\u00e2y d\u1ef1ng<\/li>\r\n<\/ul>\r\n\r\n\r\n\r\n<p>V\u1edbi \u0111\u1ed9i ng\u0169 k\u1ef9 s\u01b0 v\u00e0 chuy\u00ean vi\u00ean k\u1ef9 thu\u1eadt chuy\u00ean nghi\u1ec7p c\u00f3 ki\u1ebfn th\u1ee9c, kinh nghi\u1ec7m nhi\u1ec1u n\u0103m, ch\u00fang t\u00f4i s\u1ebd cung c\u1ea5p c\u00e1c d\u1ecbch v\u1ee5 v\u1edbi nhi\u1ec1u \u1ee9ng d\u1ee5ng c\u00f4ng ngh\u1ec7 nh\u1eb1m:<\/p>\r\n\r\n\r\n\r\n<ul>\r\n<li>Gi\u1ea3m chi ph\u00ed x\u00e2y d\u1ef1ng<\/li>\r\n<li>R\u00fat ng\u1eafn th\u1eddi gian thi c\u00f4ng x\u00e2y d\u1ef1ng<\/li>\r\n<li>\u0110\u1ea3m b\u1ea3o n\u00e2ng cao ch\u1ea5t l\u01b0\u1ee3ng c\u00f4ng tr\u00ecnh<\/li>\r\n<\/ul>\r\n","protected":false},"excerpt":{"rendered":"<p>C\u00f4ng Ty x\u00e2y d\u1ef1ng NH\u00c2N \u0110\u1ea0T &#8211; x\u00e2y d\u1ef1ng nh\u00e0 ph\u1ed1 1: TH\u00d4NG TIN C\u00d4NG TY X\u00c2Y D\u1ef0NG NH\u00c2N \u0110\u1ea0T &nbsp; T\u00ean c\u00f4ng ty\u00a0 : C\u00d4NG TY TNHH T\u01af V\u1ea4N \u0110\u1ea6U T\u01af X\u00c2Y D\u1ef0NGNH\u00c2N \u0110\u1ea0T T\u00ean ti\u1ebfng Anh\u00a0\u00a0 : NHAN DAT Construction Investment Consultancy CO., LTD V\u0103n ph\u00f2ng\u00a0\u00a0 : 57 Y\u00ean \u0110\u1ed7, P. T\u00e2n Th\u00e0nh, [&#8230;]\n","protected":false},"author":7,"featured_media":0,"parent":0,"menu_order":0,"comment_status":"closed","ping_status":"closed","template":"","meta":{"footnotes":""},"_links":{"self":[{"href":"https:\/\/xaydungnhandat.com.vn\/index.php?rest_route=\/wp\/v2\/pages\/50"}],"collection":[{"href":"https:\/\/xaydungnhandat.com.vn\/index.php?rest_route=\/wp\/v2\/pages"}],"about":[{"href":"https:\/\/xaydungnhandat.com.vn\/index.php?rest_route=\/wp\/v2\/types\/page"}],"author":[{"embeddable":true,"href":"https:\/\/xaydungnhandat.com.vn\/index.php?rest_route=\/wp\/v2\/users\/7"}],"replies":[{"embeddable":true,"href":"https:\/\/xaydungnhandat.com.vn\/index.php?rest_route=%2Fwp%2Fv2%2Fcomments&post=50"}],"version-history":[{"count":3,"href":"https:\/\/xaydungnhandat.com.vn\/index.php?rest_route=\/wp\/v2\/pages\/50\/revisions"}],"predecessor-version":[{"id":13491,"href":"https:\/\/xaydungnhandat.com.vn\/index.php?rest_route=\/wp\/v2\/pages\/50\/revisions\/13491"}],"wp:attachment":[{"href":"https:\/\/xaydungnhandat.com.vn\/index.php?rest_route=%2Fwp%2Fv2%2Fmedia&parent=50"}],"curies":[{"name":"wp","href":"https:\/\/api.w.org\/{rel}","templated":true}]}}