{"id":46,"date":"2023-10-31T03:58:47","date_gmt":"2019-09-18T14:17:56","guid":{"rendered":"http:\/\/localhost\/xaydungnhadat\/?page_id=46"},"modified":"2023-01-25T01:16:23","modified_gmt":"2023-01-25T01:16:23","slug":"gioi-thieu","status":"publish","type":"page","link":"https:\/\/xaydungnhandat.com.vn\/?page_id=46","title":{"rendered":"GI\u1edaI THI\u1ec6U"},"content":{"rendered":"\r\n<h2 id=\"about01\" class=\"has-vivid-cyan-blue-color has-text-color wp-block-heading\">I:<em>V\u1ec1 C\u00f4ng Ty<\/em><\/h2>\r\n\r\n\r\n\r\n<p><strong>C\u00d4NG TY TNHH T\u01af V\u1ea4N \u0110\u1ea6U T\u01af <a href=\"https:\/\/xaydungnhandat.com.vn\/\">X\u00c2Y D\u1ef0NG NH\u00c2N \u0110\u1ea0T<\/a><\/strong> l\u00e0 c\u00f4ng ty \u0111\u01b0\u1ee3c h\u00ecnh th\u00e0nh trong th\u1eddi k\u1ef3 \u0111\u1ea5t n\u01b0\u1edbc \u0111ang tr\u00ean \u0111\u00e0 ph\u00e1t tri\u1ec3n v\u00e0 \u0111\u1ed5i m\u1edbi, x\u00e2y d\u1ef1ng l\u00e0 m\u1ed9t trong nh\u1eefng nhi\u1ec7m v\u1ee5 c\u1ea5p thi\u1ebft c\u1ee7a ch\u00ednh ph\u1ee7 n\u00f3i chung v\u00e0 Th\u00e0nh ph\u1ed1 H\u1ed3 Ch\u00ed Minh n\u00f3i ri\u00eang, nh\u1eb1m \u0111\u00f3ng g\u00f3p cho \u0111\u1ea5t n\u01b0\u1edbc nh\u1eefng c\u00f4ng tr\u00ecnh x\u00e2y d\u1ef1ng d\u00e2n d\u1ee5ng, c\u00f4ng nghi\u1ec7p, h\u1ea1 t\u1ea7ng c\u01a1 s\u1edf, \u0111\u01b0\u1eddng d\u00e2y v\u00e0 tr\u1ea1m \u0111i\u1ec7n, giao th\u00f4ng th\u1ee7y l\u1ee3i\u2026 C\u00f4ng ty Nh\u00e2n \u0110\u1ea1t l\u00e0 m\u1ed9t trong nh\u1eefng doanh nghi\u1ec7p \u0111\u01b0\u1ee3c th\u00e0nh l\u1eadp nh\u1eb1m g\u00f3p ph\u1ea7n v\u00e0o s\u1ef1 nghi\u1ec7p ph\u00e1t tri\u1ec3n v\u00e0 \u0111\u1ed5i m\u1edbi c\u1ee7a x\u00e3 h\u1ed9i.<\/p>\r\n\r\n\r\n\r\n<p>Trong su\u1ed1t qu\u00e1 tr\u00ecnh th\u00e0nh l\u1eadp v\u00e0 ph\u00e1t tri\u1ec3n, \u0111\u1ebfn nay C\u00f4ng ty Nh\u00e2n \u0110\u1ea1t \u0111\u00e3 v\u01b0\u01a1n l\u00ean tr\u1edf th\u00e0nh m\u1ed9t c\u00f4ng ty c\u00f3 uy t\u00edn, c\u00f3 ch\u1ed7 \u0111\u1ee9ng v\u1eefng ch\u1eafc tr\u00ean th\u1ecb tr\u01b0\u1eddng x\u00e2y d\u1ef1ng.C\u00f4ng ty \u0111\u00e3 tham gia thi c\u00f4ng c\u00e1c c\u00f4ng tr\u00ecnh x\u00e2y d\u1ef1ng tr\u00ean \u0111\u1ecba b\u00e0n H\u1ed3 Ch\u00ed Minh v\u00e0 m\u1ed9t s\u1ed1 t\u1ec9nh l\u00e2n c\u1eadn. C\u00e1c c\u00f4ng tr\u00ecnh do c\u00f4ng ty thi c\u00f4ng \u0111\u1ec1u \u0111\u1ea1t \u0111\u01b0\u1ee3c ch\u1ea5t l\u01b0\u1ee3ng t\u1ed1t, \u0111\u00e1p \u1ee9ng \u0111\u01b0\u1ee3c m\u1ecdi y\u00eau c\u1ea7u k\u1ef9 m\u1ef9 thu\u1eadt, \u0111\u01b0\u1ee3c c\u00e1c ch\u1ee7 \u0111\u1ea7u t\u01b0 trong n\u01b0\u1edbc c\u0169ng nh\u01b0 n\u01b0\u1edbc ngo\u00e0i \u0111\u00e1nh gi\u00e1 cao.<\/p>\r\n\r\n\r\n\r\n<p>V\u1edbi b\u1ed9 m\u00e1y l\u00e3nh \u0111\u1ea1o t\u1ed5 ch\u1ee9c \u0111i\u1ec1u h\u00e0nh g\u1ecdn nh\u1eb9, n\u0103ng \u0111\u1ed9ng, ph\u00f9 h\u1ee3p v\u1edbi c\u01a1 ch\u1ebf th\u1ecb tr\u01b0\u1eddng. \u0110\u1ed9i ng\u0169 c\u00e1n b\u1ed9 k\u1ef9 s\u01b0 gi\u00e0u kinh nghi\u1ec7m, c\u00f4ng nh\u00e2n k\u1ef9 thu\u1eadt l\u00e0nh ngh\u1ec1, thi\u1ebft b\u1ecb c\u00f4ng ngh\u1ec7 thi c\u00f4ng \u0111\u1ed3ng b\u1ed9, c\u00f4ng ty Nh\u00e2n \u0110\u1ea1t kh\u1eb3ng \u0111\u1ecbnh: Ho\u00e0n to\u00e0n c\u00f3 th\u1ec3 \u0111\u00e1p \u1ee9ng \u0111\u01b0\u1ee3c m\u1ecdi y\u00eau c\u1ea7u c\u1ee7a kh\u00e1ch h\u00e0ng v\u1ec1 ch\u1ea5t l\u01b0\u1ee3ng v\u00e0 ti\u1ebfn \u0111\u1ed9 c\u00e1c c\u00f4ng tr\u00ecnh l\u1edbn nh\u1ecf v\u1edbi gi\u00e1 th\u00e0nh h\u1ee3p l\u00fd nh\u1ea5t.<\/p>\r\n\r\n\r\n\r\n<p><strong><a href=\"https:\/\/xaydungnhandat.com.vn\/\">C\u00d4NG TY TNHH TV-\u0110T-XD NH\u00c2N \u0110\u1ea0T<\/a><\/strong> mong mu\u1ed1n l\u00e0 \u0111\u1ecba ch\u1ec9 tin c\u1eady c\u1ee7a kh\u00e1ch h\u00e0ng.\u0110\u1ebfn v\u1edbi c\u00f4ng ty ch\u00fang t\u00f4i, kh\u00e1ch h\u00e0ng s\u1ebd g\u1eb7p \u0111\u01b0\u1ee3c ng\u01b0\u1eddi b\u1ea1n v\u00e0 \u0111\u1ed1i t\u00e1c ch\u00e2n th\u00e0nh, c\u00f3 \u0111\u01b0\u1ee3c nh\u1eefng c\u00f4ng tr\u00ecnh \u0111\u1ea1t ch\u1ea5t l\u01b0\u1ee3ng t\u1ed1t, b\u1ec1n v\u1eefng, v\u1edbi gi\u00e1 c\u1ea3 h\u1ee3p l\u00fd v\u00e0 gi\u00e1 tr\u1ecb th\u1ea9m m\u1ef9 cao.<\/p>\r\n\r\n\r\n\r\n<div class=\"wp-block-image\">\r\n<figure class=\"aligncenter size-large is-resized\"><img loading=\"lazy\" decoding=\"async\" class=\"wp-image-304\" src=\"https:\/\/xaydungnhandat.com.vn\/wp-content\/uploads\/2019\/10\/image-22.png\" alt=\" x\u00e2y d\u1ef1ng Nh\u00e2n \u0110\u1ea1t\" width=\"573\" height=\"398\" \/><\/figure>\r\n<\/div>\r\n\r\n\r\n\r\n<div class=\"wp-block-image\">\r\n<figure class=\"aligncenter size-large is-resized\"><img loading=\"lazy\" decoding=\"async\" class=\"wp-image-307\" src=\"https:\/\/xaydungnhandat.com.vn\/wp-content\/uploads\/2019\/10\/image-24.png\" alt=\" x\u00e2y d\u1ef1ng Nh\u00e2n \u0110\u1ea1t\" width=\"691\" height=\"1094\" srcset=\"https:\/\/xaydungnhandat.com.vn\/wp-content\/uploads\/2019\/10\/image-24.png 489w, https:\/\/xaydungnhandat.com.vn\/wp-content\/uploads\/2019\/10\/image-24-189x300.png 189w\" sizes=\"(max-width: 691px) 100vw, 691px\" \/><\/figure>\r\n<\/div>\r\n\r\n\r\n\r\n<div class=\"wp-block-image\">\r\n<figure class=\"aligncenter size-large is-resized\"><img loading=\"lazy\" decoding=\"async\" class=\"wp-image-308\" src=\"https:\/\/xaydungnhandat.com.vn\/wp-content\/uploads\/2019\/10\/image-25.png\" alt=\" x\u00e2y d\u1ef1ng Nh\u00e2n \u0110\u1ea1t\" width=\"691\" height=\"1117\" srcset=\"https:\/\/xaydungnhandat.com.vn\/wp-content\/uploads\/2019\/10\/image-25.png 451w, https:\/\/xaydungnhandat.com.vn\/wp-content\/uploads\/2019\/10\/image-25-186x300.png 186w\" sizes=\"(max-width: 691px) 100vw, 691px\" \/><\/figure>\r\n<\/div>\r\n\r\n\r\n\r\n<h2 id=\"about02\" class=\"has-vivid-cyan-blue-color has-text-color wp-block-heading\">II:T\u1ea7m Nh\u00ecn V\u00e0 S\u1ee9 M\u1ec7nh (x\u00e2y d\u1ef1ng Nh\u00e2n \u0110\u1ea1t)<\/h2>\r\n\r\n\r\n\r\n<p>S\u1ef1 T\u00edn Nhi\u1ec7m c\u1ee7a Kh\u00e1ch H\u00e0ng l\u00e0 \u0110\u1ed9ng L\u1ef1c \u0111\u1ec3 C\u00f4ng Ty ng\u00e0y m\u1ed9t ph\u00e1t tri\u1ec3n v\u00e0 ho\u00e0n thi\u1ec7n h\u01a1n<\/p>\r\n\r\n\r\n\r\n<h2 id=\"about03\" class=\"has-vivid-cyan-blue-color has-text-color wp-block-heading\">III:T\u1ea1i Sao Ch\u1ecdn Ch\u00fang T\u00f4i (x\u00e2y d\u1ef1ng Nh\u00e2n \u0110\u1ea1t)<\/h2>\r\n\r\n\r\n\r\n<figure class=\"wp-block-image size-large is-resized\"><img loading=\"lazy\" decoding=\"async\" class=\"wp-image-305\" src=\"https:\/\/xaydungnhandat.com.vn\/wp-content\/uploads\/2019\/10\/image-23.png\" alt=\" x\u00e2y d\u1ef1ng Nh\u00e2n \u0110\u1ea1t\" width=\"794\" height=\"538\" \/><\/figure>\r\n\r\n\r\n\r\n<p>V\u1edbi th\u1ebf m\u1ea1nh c\u1ee7a c\u00f4ng ty NH\u00c2N \u0110\u1ea0T l\u00e0 Thi C\u00f4ng v\u00e0 Gi\u00e1m S\u00e1t<\/p>\r\n\r\n\r\n\r\n<p>NH\u00c2N \u0110\u1ea0T \u00a0l\u00e0\u00a0<a href=\"https:\/\/batdongsan.com.vn\/hd-vat-tu-dich-vu\/cong-ty-thiet-ke-va-xay-dung-uy-tin-o-tp-hcm-fq36874\" target=\"_blank\" rel=\"noreferrer noopener\">c\u00f4ng ty x\u00e2y d\u1ef1ng uy t\u00edn<\/a>\u00a0t\u1ea1i tphcm \u0111\u00e3 \u0111\u01b0\u1ee3c kh\u00e1ch h\u00e0ng t\u00edn nhi\u1ec7m v\u1edbi r\u1ea5t nhi\u1ec1u c\u00f4ng tr\u00ecnh l\u1edbn nh\u1ecf \u0111\u00e3\u00a0thi c\u00f4ng &#8211; gi\u00e1m s\u00e1t\u00a0\u1edf tphcm t\u1eeb 2003 \u0111\u1ebfn nay. V\u1edbi c\u00e1c ch\u00ednh s\u00e1ch h\u1eadu m\u00e3i h\u1ea5p d\u1eabn trong Thi c\u00f4ng v\u00e0 Gi\u00e1m s\u00e1t<\/p>\r\n\r\n\r\n\r\n<ul>\r\n<li>\u00a0<\/li>\r\n<\/ul>\r\n\r\n\r\n\r\n<ul>\r\n<li><strong><em>B\u1ea2O H\u00c0NH<\/em><\/strong><\/li>\r\n<li><strong><em>30<\/em>\u00a0n\u0103m\u00a0cho Ph\u1ea7n K\u1ebft C\u1ea5u<\/strong><\/li>\r\n<li><strong><em>3\u00a0<\/em>n\u0103m\u00a0cho Ph\u1ea7n Ho\u00e0n Thi\u1ec7n<\/strong><\/li>\r\n<\/ul>\r\n\r\n\r\n\r\n<p><strong>1<\/strong>.\u00a0<strong>Mi\u1ec5n ph\u00ed\u00a0thi\u1ebft k\u1ebf h\u1ed3 s\u01a1 thi c\u00f4ng ho\u00e0n ch\u1ec9nh(bao g\u1ed3m 3D)<\/strong><\/p>\r\n\r\n\r\n\r\n<p><strong>2. Mi\u1ec5n ph\u00ed xin ph\u00e9p x\u00e2y d\u1ef1ng<\/strong>.<\/p>\r\n\r\n\r\n\r\n<p><strong>3<\/strong>.\u00a0<strong>Mi\u1ec5n ph\u00ed thanh tra v\u00e0 c\u00e1c c\u01a1 quan ch\u1ee9c n\u0103ng.<\/strong><\/p>\r\n\r\n\r\n\r\n<p><strong>4. Lu\u00f4n c\u00f3 k\u0129 s\u01b0 gi\u00e1m s\u00e1t t\u1ea1i c\u00f4ng tr\u00ecnh trong su\u1ed1t qu\u00e1 tr\u00ecnh thi c\u00f4ng.<\/strong><\/p>\r\n\r\n\r\n\r\n<p><strong>5. Cam k\u1ebft kh\u00f4ng b\u00e1n th\u1ea7u.<\/strong><\/p>\r\n\r\n\r\n\r\n<p><strong>6.<\/strong>\u00a0<strong>H\u1ee3p \u0111\u1ed3ng thi c\u00f4ng r\u00f5\u00a0r\u00e0ng, minh b\u1ea1ch.<\/strong><\/p>\r\n\r\n\r\n\r\n<p><strong>7. Cam k\u1ebft kh\u00f4ng ph\u00e1t sinh<\/strong>.<\/p>\r\n\r\n\r\n\r\n<p><strong>8. V\u1eadt t\u01b0 ch\u00ednh h\u00e3ng ch\u1ea5t l\u01b0\u1ee3ng chu\u1ea9n<\/strong>.<\/p>\r\n\r\n\r\n\r\n<p><strong>9.\u00a0\u0110\u1ed9i th\u1ee3 thi c\u00f4ng gi\u1ecfi<\/strong><\/p>\r\n\r\n\r\n\r\n<p><strong>10.<\/strong>\u00a0<strong>T\u01b0 v\u1ea5n h\u1ee3p \u0111\u1ed3ng thi c\u00f4ng v\u00e0 b\u1ea3n v\u1ebd thi\u1ebft k\u1ebf mi\u1ec5n ph\u00ed (\u00e1p d\u1ee5ng g\u00f3i h\u1ee3p \u0111\u1ed3ng t\u01b0 v\u1ea5n gi\u00e1m s\u00e1t)<\/strong><\/p>\r\n\r\n\r\n\r\n<h2 class=\"wp-block-heading\" id=\"about04\">B\u1ed9 M\u00e1y C\u00f4ng Ty<\/h2>\r\n","protected":false},"excerpt":{"rendered":"<p>I:V\u1ec1 C\u00f4ng Ty C\u00d4NG TY TNHH T\u01af V\u1ea4N \u0110\u1ea6U T\u01af X\u00c2Y D\u1ef0NG NH\u00c2N \u0110\u1ea0T l\u00e0 c\u00f4ng ty \u0111\u01b0\u1ee3c h\u00ecnh th\u00e0nh trong th\u1eddi k\u1ef3 \u0111\u1ea5t n\u01b0\u1edbc \u0111ang tr\u00ean \u0111\u00e0 ph\u00e1t tri\u1ec3n v\u00e0 \u0111\u1ed5i m\u1edbi, x\u00e2y d\u1ef1ng l\u00e0 m\u1ed9t trong nh\u1eefng nhi\u1ec7m v\u1ee5 c\u1ea5p thi\u1ebft c\u1ee7a ch\u00ednh ph\u1ee7 n\u00f3i chung v\u00e0 Th\u00e0nh ph\u1ed1 H\u1ed3 Ch\u00ed Minh n\u00f3i [&#8230;]\n","protected":false},"author":7,"featured_media":0,"parent":0,"menu_order":0,"comment_status":"closed","ping_status":"closed","template":"","meta":{"footnotes":""},"_links":{"self":[{"href":"https:\/\/xaydungnhandat.com.vn\/index.php?rest_route=\/wp\/v2\/pages\/46"}],"collection":[{"href":"https:\/\/xaydungnhandat.com.vn\/index.php?rest_route=\/wp\/v2\/pages"}],"about":[{"href":"https:\/\/xaydungnhandat.com.vn\/index.php?rest_route=\/wp\/v2\/types\/page"}],"author":[{"embeddable":true,"href":"https:\/\/xaydungnhandat.com.vn\/index.php?rest_route=\/wp\/v2\/users\/7"}],"replies":[{"embeddable":true,"href":"https:\/\/xaydungnhandat.com.vn\/index.php?rest_route=%2Fwp%2Fv2%2Fcomments&post=46"}],"version-history":[{"count":2,"href":"https:\/\/xaydungnhandat.com.vn\/index.php?rest_route=\/wp\/v2\/pages\/46\/revisions"}],"predecessor-version":[{"id":13389,"href":"https:\/\/xaydungnhandat.com.vn\/index.php?rest_route=\/wp\/v2\/pages\/46\/revisions\/13389"}],"wp:attachment":[{"href":"https:\/\/xaydungnhandat.com.vn\/index.php?rest_route=%2Fwp%2Fv2%2Fmedia&parent=46"}],"curies":[{"name":"wp","href":"https:\/\/api.w.org\/{rel}","templated":true}]}}