{"id":386,"date":"2023-10-31T03:58:47","date_gmt":"2019-10-21T08:13:23","guid":{"rendered":"http:\/\/localhost\/xaydungnhadat\/?page_id=386"},"modified":"2023-01-25T01:15:52","modified_gmt":"2023-01-25T01:15:52","slug":"bo-may-cong-ty","status":"publish","type":"page","link":"https:\/\/xaydungnhandat.com.vn\/?page_id=386","title":{"rendered":"B\u1ed9 M\u00e1y C\u00f4ng Ty"},"content":{"rendered":"\r\n\r\n\r\n<h2 class=\"has-vivid-cyan-blue-color has-text-color wp-block-heading\">1:<strong>TH\u00d4NG TIN CHUNG<\/strong><\/h2>\r\n\r\n\r\n\r\n<p><strong>C\u00d4NG TY TNHH TV-\u0110T-XD NH\u00c2N \u0110\u1ea0T <\/strong>l\u00e0 nh\u00e0 th\u1ea7u x\u00e2y d\u1ef1ng chuy\u00ean cung c\u1ea5p m\u1ed9t s\u1ea3n ph\u1ea9m k\u1ef9 thu\u1eadt ho\u00e0n ch\u1ec9nh t\u1eeb kh\u00e2u thi\u1ebft k\u1ebf \u0111\u1ebfn thi c\u00f4ng x\u00e2y d\u1ef1ng.X\u00e2y d\u1ef1ng nh\u00e0 uy t\u00edn<\/p>\r\n\r\n\r\n\r\n<h2 class=\"has-vivid-cyan-blue-color has-text-color wp-block-heading\">2:<strong>C\u01a0 C\u1ea4U QU\u1ea2N L\u00dd T\u1ed4 CH\u1ee8C<\/strong><\/h2>\r\n\r\n\r\n\r\n<p><strong>T\u00ean c\u00f4ng ty : C\u00d4NG TY TNHH T\u01af V\u1ea4N \u0110\u1ea6U T\u01af X\u00c2Y D\u1ef0NGNH\u00c2N \u0110\u1ea0T<\/strong><\/p>\r\n\r\n\r\n\r\n<p><strong>V\u0103n ph\u00f2ng : 57 \u0111\u01b0\u1eddng Y\u00ean \u0110\u1ed7, P. T\u00e2n Th\u00e0nh, Q. T\u00e2n Ph\u00fa, TP.HCM, Vi\u1ec7t Nam <\/strong><\/p>\r\n\r\n\r\n\r\n<p><strong>Website\u00a0\u00a0\u00a0\u00a0\u00a0 :<\/strong>\u00a0<a href=\"https:\/\/xaydungnhandat.com.vn\/\">https:\/\/xaydungnhandat.com.vn\/<\/a><\/p>\r\n\r\n\r\n\r\n<p><strong>N\u0103m th\u00e0nh l\u1eadp\u00a0 : 02\/12\/2003<\/strong><\/p>\r\n\r\n\r\n\r\n<p><strong>V\u1ed1n \u0111i\u1ec1u l\u1ec7\u00a0\u00a0\u00a0 : 35.000.000.000 VN\u0110<\/strong><\/p>\r\n\r\n\r\n\r\n<p><strong>M\u00e3 s\u1ed1 thu\u1ebf\u00a0\u00a0\u00a0\u00a0\u00a0\u00a0\u00a0\u00a0\u00a0 : 0303143053<\/strong><\/p>\r\n\r\n\r\n\r\n<div class=\"wp-block-image\">\r\n<figure class=\"aligncenter size-large\"><img loading=\"lazy\" decoding=\"async\" width=\"729\" height=\"1024\" class=\"wp-image-2033\" src=\"https:\/\/xaydungnhandat.com.vn\/wp-content\/uploads\/2020\/02\/xay-dung-nha-uy-tin-1-729x1024.jpg\" alt=\"\" srcset=\"https:\/\/xaydungnhandat.com.vn\/wp-content\/uploads\/2020\/02\/xay-dung-nha-uy-tin-1-729x1024.jpg 729w, https:\/\/xaydungnhandat.com.vn\/wp-content\/uploads\/2020\/02\/xay-dung-nha-uy-tin-1-214x300.jpg 214w, https:\/\/xaydungnhandat.com.vn\/wp-content\/uploads\/2020\/02\/xay-dung-nha-uy-tin-1.jpg 1731w\" sizes=\"(max-width: 729px) 100vw, 729px\" \/><\/figure>\r\n<\/div>\r\n\r\n\r\n\r\n<div class=\"wp-block-image\">\r\n<figure class=\"aligncenter size-large\"><img loading=\"lazy\" decoding=\"async\" width=\"694\" height=\"1024\" class=\"wp-image-2034\" src=\"https:\/\/xaydungnhandat.com.vn\/wp-content\/uploads\/2020\/02\/xay-dung-nha-uy-tin-2-694x1024.jpg\" alt=\"\" srcset=\"https:\/\/xaydungnhandat.com.vn\/wp-content\/uploads\/2020\/02\/xay-dung-nha-uy-tin-2-694x1024.jpg 694w, https:\/\/xaydungnhandat.com.vn\/wp-content\/uploads\/2020\/02\/xay-dung-nha-uy-tin-2-203x300.jpg 203w, https:\/\/xaydungnhandat.com.vn\/wp-content\/uploads\/2020\/02\/xay-dung-nha-uy-tin-2.jpg 1683w\" sizes=\"(max-width: 694px) 100vw, 694px\" \/><\/figure>\r\n<\/div>\r\n\r\n\r\n\r\n<h2 class=\"has-vivid-cyan-blue-color has-text-color wp-block-heading\">3:<strong>N\u0102NG L\u1ef0C NH\u00c2N S\u1ef0<\/strong><\/h2>\r\n\r\n\r\n\r\n<h2 class=\"has-vivid-red-color has-text-color wp-block-heading\">3.1:<strong>C\u01a1 c\u1ea5u t\u1ed5 ch\u1ee9c:<\/strong><\/h2>\r\n\r\n\r\n\r\n<ul>\r\n<li>Ban l\u00e3nh \u0111\u1ea1o g\u1ed3m 03 ng\u01b0\u1eddi :Gi\u00e1m \u0111\u1ed1c v\u00e0 02 ph\u00f3 gi\u00e1m \u0111\u1ed1c.<\/li>\r\n<li>Ph\u00f2ng T\u00e0i ch\u00ednh \u2013 K\u1ebf to\u00e1n.<\/li>\r\n<li>Ph\u00f2ngK\u1ef9 Thu\u1eadt.<\/li>\r\n<li>Ph\u00f2ng T\u1ed5 ch\u1ee9c \u2013 H\u00e0nh ch\u00ednh.<\/li>\r\n<li>Ph\u00f2ng K\u1ebf Hoach.<\/li>\r\n<li>Ban ch\u1ec9 huy c\u00f4ng tr\u00ecnh, \u0110\u1ed9i thi c\u00f4ng.(X\u00e2y d\u1ef1ng nh\u00e0 uy t\u00edn)<\/li>\r\n<\/ul>\r\n\r\n\r\n\r\n<div class=\"wp-block-image\">\r\n<figure class=\"aligncenter size-large\"><img loading=\"lazy\" decoding=\"async\" width=\"744\" height=\"1024\" class=\"wp-image-2036\" src=\"https:\/\/xaydungnhandat.com.vn\/wp-content\/uploads\/2020\/02\/xay-dung-nha-uy-tin-quan-tan-phu-744x1024.jpg\" alt=\"\" srcset=\"https:\/\/xaydungnhandat.com.vn\/wp-content\/uploads\/2020\/02\/xay-dung-nha-uy-tin-quan-tan-phu-744x1024.jpg 744w, https:\/\/xaydungnhandat.com.vn\/wp-content\/uploads\/2020\/02\/xay-dung-nha-uy-tin-quan-tan-phu-218x300.jpg 218w, https:\/\/xaydungnhandat.com.vn\/wp-content\/uploads\/2020\/02\/xay-dung-nha-uy-tin-quan-tan-phu.jpg 1563w\" sizes=\"(max-width: 744px) 100vw, 744px\" \/><\/figure>\r\n<\/div>\r\n\r\n\r\n\r\n<h2 class=\"has-vivid-red-color has-text-color wp-block-heading\">3.2:<strong>Nh\u00e2n s\u1ef1:<\/strong><\/h2>\r\n\r\n\r\n\r\n<ul>\r\n<li>T\u1ed5ng nh\u00e2n s\u1ef1 hi\u1ec7n c\u00f3: 69 ng\u01b0\u1eddi<\/li>\r\n<li>Tr\u00ecnh \u0111\u1ed9 \u0111\u1ea1i h\u1ecdc: 10 ng\u01b0\u1eddi<\/li>\r\n<li>Tr\u00ecnh \u0111\u1ed9 cao \u0111\u1eb3ng, trung c\u1ea5p: 9 ng\u01b0\u1eddi<\/li>\r\n<li>C\u00f4ng nh\u00e2n k\u1ef9 thu\u1eadt, lao \u0111\u1ed9ng ph\u1ed5 th\u00f4ng: 50 ng\u01b0\u1eddi<\/li>\r\n<\/ul>\r\n\r\n\r\n\r\n<p>Trong \u0111\u00f3:<\/p>\r\n\r\n\r\n\r\n<ul>\r\n<li>C\u00f4ng nh\u00e2n 5\/7\u00a0\u00a0\u00a0\u00a0\u00a0\u00a0\u00a0\u00a0\u00a0\u00a0\u00a0\u00a0\u00a0\u00a0\u00a0\u00a0\u00a0\u00a0\u00a0\u00a0\u00a0 : 10 ng\u01b0\u1eddi<\/li>\r\n<li>C\u00f4ng nh\u00e2n 4\/7\u00a0\u00a0\u00a0\u00a0\u00a0\u00a0\u00a0\u00a0\u00a0\u00a0\u00a0\u00a0\u00a0\u00a0\u00a0\u00a0\u00a0\u00a0\u00a0\u00a0\u00a0 : 12 ng\u01b0\u1eddi<\/li>\r\n<li>C\u00f4ng nh\u00e2n 3\/7\u00a0\u00a0\u00a0\u00a0\u00a0\u00a0\u00a0 \u00a0: 8 ng\u01b0\u1eddi<\/li>\r\n<li>C\u00f4ng nh\u00e2n ph\u1ed5 th\u00f4ng : 20 ng\u01b0\u1eddi<\/li>\r\n<\/ul>\r\n\r\n\r\n\r\n<div class=\"wp-block-image\">\r\n<figure class=\"aligncenter size-large\"><img loading=\"lazy\" decoding=\"async\" width=\"972\" height=\"962\" class=\"wp-image-2031\" src=\"https:\/\/xaydungnhandat.com.vn\/wp-content\/uploads\/2020\/02\/Untitled.png\" alt=\"\" srcset=\"https:\/\/xaydungnhandat.com.vn\/wp-content\/uploads\/2020\/02\/Untitled.png 972w, https:\/\/xaydungnhandat.com.vn\/wp-content\/uploads\/2020\/02\/Untitled-300x297.png 300w\" sizes=\"(max-width: 972px) 100vw, 972px\" \/><\/figure>\r\n<\/div>\r\n\r\n\r\n\r\n<h2 class=\"has-vivid-red-color has-text-color wp-block-heading\">3.3:<strong>M\u1ed0I QUAN H\u1ec6 V\u00c0 TR\u00c1CH NHI\u1ec6M:<\/strong><\/h2>\r\n\r\n\r\n\r\n<ul>\r\n<li>Gi\u00e1m \u0111\u1ed1c \u0111i\u1ec1u h\u00e0nh ph\u1ee5 tr\u00e1ch t\u1ed5ng th\u1ec3 m\u1ecdi v\u1ea5n \u0111\u1ec1 v\u1ec1 kinh t\u1ebf, t\u00e0i ch\u00ednh v\u00e0 k\u1ebf ho\u1ea1ch k\u1ef9 thu\u1eadt.<\/li>\r\n<li>Ph\u00f3 gi\u00e1m \u0111\u1ed1c th\u01b0\u1eddng tr\u1ef1c gi\u00fap Gi\u00e1m \u0111\u1ed1c \u0111i\u1ec1u h\u00e0nh to\u00e0n b\u1ed9 d\u1ef1 \u00e1n v\u00e0 khi c\u1ea7n c\u00f3 th\u1ec3 thay th\u1ebf Gi\u00e1m \u0111\u1ed1c \u0111\u1ec3 ph\u1ee5 tr\u00e1ch chung. Gi\u00e1m \u0111\u1ed1c v\u00e0 ph\u00f3 gi\u00e1m \u0111\u1ed1c th\u00f4ng qua c\u00e1c b\u1ed9 ph\u1eadn k\u1ebf ho\u1ea1ch, v\u1eadt t\u01b0, t\u00e0i ch\u00ednh, h\u00e0nh ch\u00ednh v\u00e0 nh\u1ea5t l\u00e0 th\u00f4ng qua Ch\u1ee7 nhi\u1ec7m k\u1ef9 thu\u1eadt \u0111i\u1ec1u h\u00e0nh thi c\u00f4ng \u0111\u1ec3 \u0111i\u1ec1u h\u00e0nh vi\u1ec7c tri\u1ec3n khai thi c\u00f4ng c\u00e1c h\u1ea1ng m\u1ee5c \u0111\u00fang ti\u1ebfn \u0111\u1ed9 c\u1ee7a h\u1ee3p \u0111\u1ed3ng, \u0111\u1ea1t c\u00e1c ti\u00eau chu\u1ea9n k\u1ef9 thu\u1eadt c\u1ee7a d\u1ef1 \u00e1n.<\/li>\r\n<li>C\u00e1c ph\u00f2ng k\u1ebf ho\u1ea1ch, t\u00e0i ch\u00ednh, v\u1eadt t\u01b0, h\u00e0nh ch\u00ednh gi\u00fap vi\u1ec7c gi\u00e1m \u0111\u1ed1c v\u00e0 ph\u00f3 gi\u00e1m \u0111\u1ed1c c\u00e1c l\u0129nh v\u1ef1c tr\u00ean.<\/li>\r\n<li>Ch\u1ee7 nhi\u1ec7m k\u1ef9 thu\u1eadt thay gi\u00e1m \u0111\u1ed1c, ph\u00f3 gi\u00e1m \u0111\u1ed1c ch\u1ec9 \u0111\u1ea1o c\u1ee5 th\u1ec3 \u0111\u1ed9i thi c\u00f4ng v\u00e0 ch\u1ec9 \u0111\u1ea1o 2 b\u1ed9 ph\u1eadn l\u00e0 KCS v\u00e0 th\u00ed nghi\u1ec7m \u0111\u1ec3 ki\u1ec3m tra, ki\u1ec3m so\u00e1t ch\u1ea5t l\u01b0\u1ee3ng c\u00e1c h\u1ea1ng m\u1ee5c c\u00f4ng tr\u00ecnh v\u00e0 \u0111\u01b0a ra c\u00e1c ch\u1ec9 ti\u00eau ch\u1ea5t l\u01b0\u1ee3ng cho c\u00e1c h\u1ea1ng m\u1ee5c c\u00f4ng tr\u00ecnh.<\/li>\r\n<li>C\u00e1c t\u1ed5 thi c\u00f4ng c\u00e1c h\u1ea1ng m\u1ee5c th\u1ef1c hi\u1ec7n k\u1ebf ho\u1ea1ch thi c\u00f4ng \u0111\u00fang ti\u1ebfn \u0111\u1ed9 c\u00e1c h\u1ea1ng m\u1ee5c t\u1eeb ch\u1ee7 nhi\u1ec7m k\u1ef9 thu\u1eadt \u0111i\u1ec1u h\u00e0nh thi c\u00f4ng.<\/li>\r\n<li>C\u00e1c b\u1ed9 ph\u1eadn c\u0169ng c\u00f3 th\u1ec3 ph\u1ea3n \u00e1nh tr\u1ef1c ti\u1ebfp nh\u1eefng v\u1ea5n \u0111\u1ec1 quan tr\u1ecdng l\u00ean ch\u1ee7 nhi\u1ec7m c\u00f4ng tr\u00ecnh \u0111\u1ec3 c\u00f4ng tr\u00ecnh lu\u00f4n th\u1ef1c hi\u1ec7n \u0111\u00fang h\u1ee3p \u0111\u1ed3ng \u0111\u00e3 k\u00fd gi\u1eefa b\u00ean m\u1eddi th\u1ea7u v\u00e0 nh\u00e0 th\u1ea7u.<\/li>\r\n<\/ul>\r\n","protected":false},"excerpt":{"rendered":"<p>1:TH\u00d4NG TIN CHUNG C\u00d4NG TY TNHH TV-\u0110T-XD NH\u00c2N \u0110\u1ea0T l\u00e0 nh\u00e0 th\u1ea7u x\u00e2y d\u1ef1ng chuy\u00ean cung c\u1ea5p m\u1ed9t s\u1ea3n ph\u1ea9m k\u1ef9 thu\u1eadt ho\u00e0n ch\u1ec9nh t\u1eeb kh\u00e2u thi\u1ebft k\u1ebf \u0111\u1ebfn thi c\u00f4ng x\u00e2y d\u1ef1ng.X\u00e2y d\u1ef1ng nh\u00e0 uy t\u00edn 2:C\u01a0 C\u1ea4U QU\u1ea2N L\u00dd T\u1ed4 CH\u1ee8C T\u00ean c\u00f4ng ty : C\u00d4NG TY TNHH T\u01af V\u1ea4N \u0110\u1ea6U T\u01af X\u00c2Y [&#8230;]\n","protected":false},"author":7,"featured_media":0,"parent":46,"menu_order":0,"comment_status":"closed","ping_status":"closed","template":"","meta":{"footnotes":""},"_links":{"self":[{"href":"https:\/\/xaydungnhandat.com.vn\/index.php?rest_route=\/wp\/v2\/pages\/386"}],"collection":[{"href":"https:\/\/xaydungnhandat.com.vn\/index.php?rest_route=\/wp\/v2\/pages"}],"about":[{"href":"https:\/\/xaydungnhandat.com.vn\/index.php?rest_route=\/wp\/v2\/types\/page"}],"author":[{"embeddable":true,"href":"https:\/\/xaydungnhandat.com.vn\/index.php?rest_route=\/wp\/v2\/users\/7"}],"replies":[{"embeddable":true,"href":"https:\/\/xaydungnhandat.com.vn\/index.php?rest_route=%2Fwp%2Fv2%2Fcomments&post=386"}],"version-history":[{"count":1,"href":"https:\/\/xaydungnhandat.com.vn\/index.php?rest_route=\/wp\/v2\/pages\/386\/revisions"}],"predecessor-version":[{"id":12783,"href":"https:\/\/xaydungnhandat.com.vn\/index.php?rest_route=\/wp\/v2\/pages\/386\/revisions\/12783"}],"up":[{"embeddable":true,"href":"https:\/\/xaydungnhandat.com.vn\/index.php?rest_route=\/wp\/v2\/pages\/46"}],"wp:attachment":[{"href":"https:\/\/xaydungnhandat.com.vn\/index.php?rest_route=%2Fwp%2Fv2%2Fmedia&parent=386"}],"curies":[{"name":"wp","href":"https:\/\/api.w.org\/{rel}","templated":true}]}}