{"id":381,"date":"2023-10-31T03:58:47","date_gmt":"2019-10-21T08:10:43","guid":{"rendered":"http:\/\/localhost\/xaydungnhadat\/?page_id=381"},"modified":"2022-12-30T08:49:00","modified_gmt":"2022-12-30T08:49:00","slug":"tam-nhin-va-su-menh","status":"publish","type":"page","link":"https:\/\/xaydungnhandat.com.vn\/?page_id=381","title":{"rendered":"T\u1ea7m Nh\u00ecn V\u00e0 S\u1ee9 M\u1ec7nh C\u1ee7a X\u00e2y D\u1ef1ng Nh\u00e2n \u0110\u1ea1t"},"content":{"rendered":"\r\n<p>S\u1ef1 T\u00edn Nhi\u1ec7m c\u1ee7a Kh\u00e1ch H\u00e0ng l\u00e0 \u0110\u1ed9ng L\u1ef1c \u0111\u1ec3 C\u00f4ng Ty ng\u00e0y m\u1ed9t ph\u00e1t tri\u1ec3n v\u00e0 ho\u00e0n thi\u1ec7n h\u01a1n :T\u1ea7m nh\u00ecn s\u1ee9 m\u1ec7nh c\u00f4ng ty x\u00e2y d\u1ef1ng Nh\u00e2n \u0110\u1ea1t.<\/p>\r\n\r\n\r\n\r\n<h2 class=\"has-vivid-cyan-blue-color has-text-color wp-block-heading\">1:<strong>T\u1ea6M NH\u00ccN<\/strong><\/h2>\r\n\r\n\r\n\r\n<p><strong>\u0110\u1ebfn n\u0103m 2025<\/strong>\u00a0tr\u1edf th\u00e0nh m\u1ed9t trong nh\u1eefng Doanh nghi\u1ec7p h\u00e0ng \u0111\u1ea7u Vi\u1ec7t Nam trong l\u0129nh v\u1ef1c:<\/p>\r\n\r\n\r\n\r\n<p><strong>Thi c\u00f4ng nh\u00e0 ph<\/strong><strong>\u1ed1<\/strong><\/p>\r\n\r\n\r\n\r\n<p><strong>Thi c\u00f4ng bi<\/strong><strong>\u1ec7t th\u1ef1<\/strong><\/p>\r\n\r\n\r\n\r\n<p><strong>Thi c\u00f4ng nh\u00e0 x\u01b0<\/strong><strong>\u1edfng<\/strong><\/p>\r\n\r\n\r\n\r\n<p><strong>Thi c\u00f4ng \u00a0v\u0103n ph\u00f2ng<\/strong><\/p>\r\n\r\n\r\n\r\n<p><strong>Thi c\u00f4ng n\u1ed9i th\u1ea5t<\/strong><\/p>\r\n\r\n\r\n\r\n<p>&#8230;&#8230;&#8230;&#8230;..<\/p>\r\n\r\n\r\n\r\n<p><strong>V\u00e0 m\u1ed9t s\u1ed1 l\u0129nh v\u1ef1c<\/strong>\u00a0ti\u1ec1m n\u0103ng kh\u00e1c nh\u01b0: c\u00e1c c\u00f4ng tr\u00ecnh mang t\u00ednh c\u1ed9ng \u0111\u1ed3ng\u2026\u2026\u00a0nh\u1eb1m g\u1eedi \u0111\u1ebfn kh\u00e1ch h\u00e0ng nh\u1eefng<a href=\"https:\/\/xaydungnhandat.com.vn\/bao-gia\/\">\u00a0<strong>d\u1ecbch v\u1ee5 v\u00e0 s\u1ea3n ph\u1ea9m t\u1ed1t nh\u1ea5t<\/strong>.<\/a> Do \u0111\u00f3, ch\u00fang t\u00f4i lu\u00f4n lu\u00f4n ph\u00e1t tri\u1ec3n v\u00e0 n\u1ed7 l\u1ef1c kh\u00f4ng ng\u1eebng, c\u00f9ng v\u1edbi kh\u00e1ch h\u00e0ng s\u00e1ng t\u1ea1o ra nh\u1eefng thi\u1ebft k\u1ebf v\u00e0 s\u1ea3n ph\u1ea9m\u00a0nh\u00e0 ph\u1ed1\u00a0,ch\u1ea5t l\u01b0\u1ee3ng ,uy t\u00edn ri\u00eang cho t\u1eebng gia \u0111\u00ecnh, t\u1eebng doanh nghi\u1ec7p. Nguy\u00ean t\u1eafc c\u01a1 b\u1ea3n x\u00e1c \u0111\u1ecbnh t\u1ea7m nh\u00ecn trong t\u01b0\u01a1ng lai c\u1ee7a\u00a0<strong>C\u00d4NG TY TNHH TV-\u0110T-XD NH\u00c2N \u0110\u1ea0T<\/strong>\u00a0.<\/p>\r\n\r\n\r\n\r\n<p>T\u1ea7m nh\u00ecn n\u00e0y, kh\u1ea9u hi\u1ec7u n\u00e0y\u00a0l\u00e0 tr\u1ecdng t\u00e2m cho nh\u1eefng cam k\u1ebft c\u1ee7a ch\u00fang t\u00f4i trong vi\u1ec7c \u0111i \u0111\u1ea7u v\u1edbi nh\u1eefng \u0111\u1ed5i m\u1edbi v\u1ec1 d\u1ecbch v\u1ee5, s\u1ea3n ph\u1ea9m v\u00e0 c\u00e1c gi\u1ea3i ph\u00e1p mang l\u1ea1i c\u1ea3m h\u1ee9ng cho nh\u1eefng kh\u00f4ng gian s\u1ed1ng m\u1edbi, lu\u00f4n l\u00e0 m\u1ed9t tr\u1ea3i nhi\u1ec7m m\u1edbi trong t\u1eebng\u00a0<strong>\u00fd t\u01b0\u1edfng\u00a0thi\u1ebft k\u1ebf<\/strong>.<\/p>\r\n\r\n\r\n\r\n<h2 class=\"has-vivid-cyan-blue-color has-text-color wp-block-heading\">2:<strong>\u0110\u1ecaNH H\u01af\u1edaNG PH\u00c1T TRI\u1ec2N<\/strong><\/h2>\r\n\r\n\r\n\r\n<p>Ti\u1ebfp t\u1ee5c x\u00e2y d\u1ef1ng v\u00e0 ph\u00e1t tri\u1ec3n C\u00f4ng ty, \u0111\u01b0a\u00a0<strong>C\u00d4NG TY TNHH TV-\u0110T-XD NH\u00c2N \u0110\u1ea0T<\/strong>\u00a0 th\u00e0nh m\u1ed9t doanh nghi\u1ec7p m\u1ea1nh trong s\u1ea3n xu\u1ea5t, s\u00e1ng t\u1ea1o trong thi\u1ebft k\u1ebf, l\u1ea5y ch\u1ea5t l\u01b0\u1ee3ng c\u00f4ng tr\u00ecnh l\u00e0m th\u01b0\u1edbc \u0111o cho s\u1ef1 ph\u00e1t tri\u1ec3n \u1ed5n \u0111\u1ecbnh v\u00e0 b\u1ec1n v\u1eefng c\u1ee7a\u00a0<strong>C\u00f4ng ty<\/strong>.\u00a0<strong>Duy tr\u00ec v\u00e0 ph\u00e1t tri\u1ec3n<\/strong>\u00a0c\u00e1c d\u1ecbch v\u1ee5, s\u1ea3n ph\u1ea9m \u0111\u01b0\u1ee3c coi l\u00e0 th\u1ebf m\u1ea1nh c\u1ee7a doanh nghi\u1ec7p.\u00a0<strong>Ti\u1ebfp thu v\u00e0 h\u1ecdc h\u1ecfi<\/strong>\u00a0nh\u1eefng xu th\u1ebf m\u1edbi trong thi\u1ebft k\u1ebf, trong thi c\u00f4ng t\u1ea1o ra nh\u1eefng b\u01b0\u1edbc ph\u00e1t tri\u1ec3n ti\u1ec1m n\u0103ng nh\u1eb1m ph\u1ee5c v\u1ee5 nhi\u1ec1u h\u01a1n n\u1eefa c\u00e1c \u0111\u1ed1i t\u01b0\u1ee3ng kh\u00e1ch h\u00e0ng.<\/p>\r\n\r\n\r\n\r\n<p><strong>Ti\u1ebfp t\u1ee5c \u0111\u1ea7u t\u01b0<\/strong>\u00a0m\u1edf r\u1ed9ng quy m\u00f4 sang c\u00e1c l\u0129nh v\u1ef1c :\u00a0<em>Thi\u1ebft k\u1ebf ki\u1ebfn tr\u00fac v\u00e0 n\u1ed9i th\u1ea5t bi\u1ec7t th\u1ef1, nh\u00e0 ph\u1ed1, chung c\u01b0, kh\u00e1ch s\u1ea1n, . . .\u00a0,\u00a0 Thi\u1ebft k\u1ebf thi c\u00f4ng n\u1ed9i th\u1ea5t\u00a0v\u0103n ph\u00f2ng, gia \u0111\u00ecnh, showroom, shop<\/em>,\u00a0. . . X\u00e2y d\u1ef1ng v\u00e0 ph\u00e1t tri\u1ec3n th\u01b0\u01a1ng hi\u1ec7u chuy\u00ean nghi\u1ec7p, \u0111\u1ed3ng b\u1ed9 tr\u00ean to\u00e0n h\u1ec7 th\u1ed1ng, \u0111\u1ea9y m\u1ea1nh ti\u1ebfn \u0111\u1ed9 m\u1edf r\u1ed9ng m\u1ea1ng l\u01b0\u1edbi kinh doanh, n\u00e2ng cao hi\u1ec7u qu\u1ea3 ho\u1ea1t \u0111\u1ed9ng s\u1ea3n xu\u1ea5t.<\/p>\r\n\r\n\r\n\r\n<div class=\"wp-block-image\">\r\n<figure class=\"aligncenter size-large\"><img loading=\"lazy\" decoding=\"async\" width=\"512\" height=\"334\" class=\"wp-image-802\" src=\"https:\/\/xaydungnhandat.com.vn\/wp-content\/uploads\/2019\/12\/thau-uy-tin.jpg\" alt=\"T\u1ea7m nh\u00ecn s\u1ee9 m\u1ec7nh\" srcset=\"https:\/\/xaydungnhandat.com.vn\/wp-content\/uploads\/2019\/12\/thau-uy-tin.jpg 512w, https:\/\/xaydungnhandat.com.vn\/wp-content\/uploads\/2019\/12\/thau-uy-tin-300x196.jpg 300w\" sizes=\"(max-width: 512px) 100vw, 512px\" \/><\/figure>\r\n<\/div>\r\n\r\n\r\n\r\n<h2 class=\"has-vivid-cyan-blue-color has-text-color wp-block-heading\">3:<strong>CHI\u1ebeN L\u01af\u1ee2C KINH DOANH<\/strong><\/h2>\r\n\r\n\r\n\r\n<p>Chi\u1ebfn l\u01b0\u1ee3c kinh doanh c\u1ee7a m\u1ed9t doanh nghi\u1ec7p l\u00e0 t\u1eadp h\u1ee3p nh\u1eefng\u00a0quy\u1ebft \u0111\u1ecbnh\u00a0v\u00e0\u00a0h\u00e0nh \u0111\u1ed9ng h\u01b0\u1edbng t\u1edbi m\u1ee5c ti\u00eau\u00a0\u0111\u00e3 \u0111\u1ec1 ra, nh\u1eb1m \u0111\u00e1p \u1ee9ng \u0111\u01b0\u1ee3c nh\u1eefng c\u01a1 h\u1ed9i c\u0169ng nh\u01b0 th\u00e1ch th\u1ee9c t\u1eeb b\u00ean ngo\u00e0i.\u00a0<strong>C\u00d4NG TY TNHH TV-\u0110T-XD NH\u00c2N \u0110\u1ea0T<\/strong>\u00a0ch\u00fang t\u00f4i lu\u00f4n coi &#8220;C<em>hi\u1ebfn l\u01b0\u1ee3c v\u00e0 b\u1ea3n s\u1eafc t\u1ea1o n\u00ean th\u01b0\u01a1ng hi\u1ec7u m\u1ea1nh<\/em>&#8221;\u00a0l\u00e0 s\u1ef1 li\u00ean quan tr\u1ef1c ti\u1ebfp \u0111\u1ebfn c\u00e1c\u00a0m\u1ee5c ti\u00eau\u00a0ph\u00e1t tri\u1ec3n cho doanh nghi\u1ec7p m\u00ecnh.<\/p>\r\n\r\n\r\n\r\n<ol>\r\n<li>Chi\u1ebfn l\u01b0\u1ee3c c\u1ee7a\u00a0<strong>C\u00f4ng ty<\/strong>\u00a0ph\u1ea3i khai th\u00e1c \u0111\u01b0\u1ee3c nh\u1eefng \u0111i\u1ec3m m\u1ea1nh c\u01a1 b\u1ea3n v\u00e0 ph\u1ea3i t\u00ednh \u0111\u1ebfn nh\u1eefng c\u01a1 h\u1ed9i,\u00a0th\u00e1ch th\u1ee9c c\u1ee7a m\u00f4i tr\u01b0\u1eddng kinh doanh.\u00a0<\/li>\r\n<li>Chi\u1ebfn l\u01b0\u1ee3c l\u00e0\u00a0<strong>s\u1ef1 s\u00e1ng t\u1ea1o<\/strong>\u00a0ra v\u1ecb th\u1ebf c\u00f3 gi\u00e1 tr\u1ecb v\u00e0 \u0111\u1ed9c \u0111\u00e1o, bao g\u1ed3m c\u00e1c ho\u1ea1t \u0111\u1ed9ng kh\u00e1c bi\u1ec7t.<\/li>\r\n<li>Chi\u1ebfn l\u01b0\u1ee3c l\u00e0\u00a0<strong>s\u1ef1 l\u1ef1a ch\u1ecdn<\/strong>, \u0111\u00e1nh \u0111\u1ed5i trong c\u1ea1nh tranh.<\/li>\r\n<li>Chi\u1ebfn l\u01b0\u1ee3c l\u00e0 vi\u1ec7c\u00a0<strong>t\u1ea1o ra s\u1ef1\u00a0ph\u00f9 h\u1ee3p<\/strong>\u00a0gi\u1eefa t\u1ea5t c\u1ea3 c\u00e1c ho\u1ea1t \u0111\u1ed9ng c\u1ee7a\u00a0<strong>c\u00f4ng ty<\/strong>.<\/li>\r\n<\/ol>\r\n\r\n\r\n\r\n<p class=\"has-text-align-center has-luminous-vivid-orange-color has-very-dark-gray-background-color has-text-color has-background\" style=\"font-size: 26px;\">QUY TR\u00ccNH L\u00c0M VI\u1ec6C CHUY\u00caN NGHI\u1ec6P C\u1ee6A C\u00d4NG TY X\u00c2Y D\u1ef0NG NH\u00c2N \u0110\u1ea0T<\/p>\r\n\r\n\r\n\r\n<p>B\u1ea1n c\u00f3 th\u1ec3 tham kh\u1ea3o c\u00e1c m\u1eabu nh\u00e0 ph\u1ed1 tr\u00ean fanpage\u00a0<a href=\"https:\/\/www.facebook.com\/C%C3%B4ng-Ty-T%C6%B0-V%E1%BA%A5n-%C4%90%E1%BA%A7u-T%C6%B0-X%C3%A2y-D%E1%BB%B1ng-Nh%C3%A2n-%C4%90%E1%BA%A1t-104861704330216\/?modal=admin_todo_tour\">c\u00f4ng ty x\u00e2y d\u1ef1ng Nh\u00e2n \u0110\u1ea1t<\/a>\u00a0.<\/p>\r\n","protected":false},"excerpt":{"rendered":"<p>S\u1ef1 T\u00edn Nhi\u1ec7m c\u1ee7a Kh\u00e1ch H\u00e0ng l\u00e0 \u0110\u1ed9ng L\u1ef1c \u0111\u1ec3 C\u00f4ng Ty ng\u00e0y m\u1ed9t ph\u00e1t tri\u1ec3n v\u00e0 ho\u00e0n thi\u1ec7n h\u01a1n :T\u1ea7m nh\u00ecn s\u1ee9 m\u1ec7nh c\u00f4ng ty x\u00e2y d\u1ef1ng Nh\u00e2n \u0110\u1ea1t. 1:T\u1ea6M NH\u00ccN \u0110\u1ebfn n\u0103m 2025\u00a0tr\u1edf th\u00e0nh m\u1ed9t trong nh\u1eefng Doanh nghi\u1ec7p h\u00e0ng \u0111\u1ea7u Vi\u1ec7t Nam trong l\u0129nh v\u1ef1c: Thi c\u00f4ng nh\u00e0 ph\u1ed1 Thi c\u00f4ng bi\u1ec7t [&#8230;]\n","protected":false},"author":7,"featured_media":0,"parent":46,"menu_order":0,"comment_status":"closed","ping_status":"closed","template":"","meta":{"footnotes":""},"_links":{"self":[{"href":"https:\/\/xaydungnhandat.com.vn\/index.php?rest_route=\/wp\/v2\/pages\/381"}],"collection":[{"href":"https:\/\/xaydungnhandat.com.vn\/index.php?rest_route=\/wp\/v2\/pages"}],"about":[{"href":"https:\/\/xaydungnhandat.com.vn\/index.php?rest_route=\/wp\/v2\/types\/page"}],"author":[{"embeddable":true,"href":"https:\/\/xaydungnhandat.com.vn\/index.php?rest_route=\/wp\/v2\/users\/7"}],"replies":[{"embeddable":true,"href":"https:\/\/xaydungnhandat.com.vn\/index.php?rest_route=%2Fwp%2Fv2%2Fcomments&post=381"}],"version-history":[{"count":3,"href":"https:\/\/xaydungnhandat.com.vn\/index.php?rest_route=\/wp\/v2\/pages\/381\/revisions"}],"predecessor-version":[{"id":13401,"href":"https:\/\/xaydungnhandat.com.vn\/index.php?rest_route=\/wp\/v2\/pages\/381\/revisions\/13401"}],"up":[{"embeddable":true,"href":"https:\/\/xaydungnhandat.com.vn\/index.php?rest_route=\/wp\/v2\/pages\/46"}],"wp:attachment":[{"href":"https:\/\/xaydungnhandat.com.vn\/index.php?rest_route=%2Fwp%2Fv2%2Fmedia&parent=381"}],"curies":[{"name":"wp","href":"https:\/\/api.w.org\/{rel}","templated":true}]}}